{"id":3403,"date":"2016-03-16T19:50:28","date_gmt":"2016-03-16T19:50:28","guid":{"rendered":"https:\/\/adriastone.com\/?page_id=3403"},"modified":"2023-02-02T22:08:34","modified_gmt":"2023-02-02T22:08:34","slug":"kontakt","status":"publish","type":"page","link":"https:\/\/adriastone.com\/bs\/kontakt\/","title":{"rendered":"Kontakt"},"content":{"rendered":"\t\t<div data-elementor-type=\"wp-page\" data-elementor-id=\"3403\" class=\"elementor elementor-3403 elementor-1100\" data-elementor-post-type=\"page\">\n\t\t\t\t\t\t<section class=\"elementor-section elementor-top-section elementor-element elementor-element-2fec4ab elementor-section-boxed elementor-section-height-default elementor-section-height-default\" data-id=\"2fec4ab\" data-element_type=\"section\">\n\t\t\t\t\t\t<div class=\"elementor-container elementor-column-gap-default\">\n\t\t\t\t\t<div class=\"elementor-column elementor-col-50 elementor-top-column elementor-element elementor-element-97ebb6f\" data-id=\"97ebb6f\" data-element_type=\"column\">\n\t\t\t<div class=\"elementor-widget-wrap elementor-element-populated\">\n\t\t\t\t\t\t<div class=\"elementor-element elementor-element-1178955 elementor-widget elementor-widget-heading\" data-id=\"1178955\" data-element_type=\"widget\" data-widget_type=\"heading.default\">\n\t\t\t\t<div class=\"elementor-widget-container\">\n\t\t\t\t\t<h2 class=\"elementor-heading-title elementor-size-default\">Kontakt forma<\/h2>\t\t\t\t<\/div>\n\t\t\t\t<\/div>\n\t\t\t\t<div class=\"elementor-element elementor-element-07ea010 elementor-button-align-stretch elementor-widget elementor-widget-houzez_elementor_inquiry_form\" data-id=\"07ea010\" data-element_type=\"widget\" data-widget_type=\"houzez_elementor_inquiry_form.default\">\n\t\t\t\t<div class=\"elementor-widget-container\">\n\t\t\t\t\t\n        <script type=\"application\/javascript\">\n            jQuery(document).bind(\"ready\", function () {\n                houzezValidateElementor(\"#houzez-form-07ea010\" );\n            });\n        <\/script>\n\n\n        <form class=\"elementor-form houzez-ele-form-js\" id=\"houzez-form-07ea010\" method=\"post\" name=\"Upitnik\" action=\"https:\/\/adriastone.com\/wp-admin\/admin-ajax.php\">\n            <input type=\"hidden\" name=\"form_id\" value=\"07ea010\"\/>\n            <input type=\"hidden\" name=\"action\" value=\"houzez_ele_inquiry_form\" \/>\n            <input type=\"hidden\" name=\"source_link\" value=\"https:\/\/adriastone.com\/bs\/kontakt\/\" \/>\n            <input type=\"hidden\" name=\"lead_page_id\" value=\"3403\" \/>\n            <input type=\"hidden\" name=\"is_estimation\" value=\"yes\" \/>\n            <input type=\"hidden\" name=\"webhook\" value=\"false\" \/>\n            <input type=\"hidden\" name=\"webhook_url\" value=\"\" \/>\n            <input type=\"hidden\" name=\"redirect_to\" value=\"\" \/>\n            <input type=\"hidden\" name=\"google_recaptcha\" value=\"yes\" \/>\n\n            <div class=\"elementor-form-fields-wrapper elementor-labels-above\">\n\n                                    <div class=\"elementor-field-group elementor-column form-group elementor-field-group-1e15bf2 elementor-col-50 elementor-field-required elementor-mark-required\">\n                    <label for=\"form-field-1e15bf2\" class=\"form-label elementor-field-label\">Ime<\/label><input type=\"text\" name=\"first_name\" id=\"form-field-1e15bf2\" class=\"elementor-field form-control elementor-size-sm elementor-field-textual\" placeholder=\"Va\u0161e ime\" title=\"* Ime\" required=\"required\">                    <\/div>\n\n                                        <div class=\"elementor-field-group elementor-column form-group elementor-field-group-fe0030b elementor-col-50\">\n                    <label for=\"form-field-fe0030b\" class=\"form-label elementor-field-label\">Prezime<\/label><input type=\"text\" name=\"last_name\" id=\"form-field-fe0030b\" class=\"elementor-field form-control elementor-size-sm elementor-field-textual\" placeholder=\"Va\u0161e prezime\" title=\"* Prezime\">                    <\/div>\n\n                                        <div class=\"elementor-field-group elementor-column form-group elementor-field-group-69c5fb1 elementor-col-50 elementor-field-required elementor-mark-required\">\n                    <label for=\"form-field-69c5fb1\" class=\"form-label elementor-field-label\">Email<\/label><input type=\"email\" name=\"email\" id=\"form-field-69c5fb1\" class=\"elementor-field form-control elementor-size-sm elementor-field-textual\" placeholder=\"Va\u0161 Email\" title=\"* Email\" required=\"required\">                    <\/div>\n\n                                        <div class=\"elementor-field-group elementor-column form-group elementor-field-group-b0c88c4 elementor-col-50\">\n                    <label for=\"form-field-b0c88c4\" class=\"form-label elementor-field-label\">Broj telefona<\/label><input type=\"text\" name=\"mobile\" id=\"form-field-b0c88c4\" class=\"elementor-field form-control elementor-size-sm elementor-field-textual\" placeholder=\"Unesite Va\u0161 broj telefona\" title=\"* Broj telefona\">                    <\/div>\n\n                                        <div class=\"elementor-field-group elementor-column form-group elementor-field-group-53787f1 elementor-col-100\">\n                    <label for=\"form-field-53787f1\" class=\"form-label elementor-field-label\">Tip nekretnine<\/label>        <div class=\"elementor-field elementor-select-wrapper\">\n            <select name=\"e_meta[property_type]\" id=\"form-field-53787f1\" class=\"elementor-field-textual form-control elementor-size-sm\">\n                <option value=\"\">Izaberite<\/option><option value=\"hotel-bs\"> Hotel<\/option><option value=\"investicioni-projekti\"> Investicioni projekti<\/option><option value=\"kompleksi-sa-bazenom\"> Kompleksi sa bazenom<\/option><option value=\"kuca\"> Ku\u0107a<\/option><option value=\"penthouse-bs\"> Penthouse<\/option><option value=\"poslovni\"> Poslovni prostor<\/option><option value=\"stan-bs\"> Stan<\/option><option value=\"villa-bs\"> Villa<\/option><option value=\"zemlja\"> Zemlja<\/option>            <\/select>\n        <\/div>\n                            <\/div>\n\n                                        <div class=\"elementor-field-group elementor-column form-group elementor-field-group-eef5401 elementor-col-50 elementor-field-required elementor-mark-required\">\n                    <label for=\"form-field-eef5401\" class=\"form-label elementor-field-label\">Min. povr\u0161ina zemlji\u0161ta<\/label><input type=\"number\" name=\"e_meta[area-size]\" id=\"form-field-eef5401\" class=\"elementor-field form-control elementor-size-sm elementor-field-textual\" placeholder=\"m2\" title=\"* Min. povr\u0161ina zemlji\u0161ta\" required=\"required\" min=\"0\">                    <\/div>\n\n                                        <div class=\"elementor-field-group elementor-column form-group elementor-field-group-1f8a934 elementor-col-50 elementor-field-required elementor-mark-required\">\n                    <label for=\"form-field-1f8a934\" class=\"form-label elementor-field-label\">Maksimalna cijena<\/label><input type=\"number\" name=\"e_meta[max-price]\" id=\"form-field-1f8a934\" class=\"elementor-field form-control elementor-size-sm elementor-field-textual\" placeholder=\"Euro\" title=\"* Maksimalna cijena\" required=\"required\" min=\"0\">                    <\/div>\n\n                                        <div class=\"elementor-field-group elementor-column form-group elementor-field-group-fdc3b01 elementor-col-100\">\n                    <label for=\"form-field-fdc3b01\" class=\"form-label elementor-field-label\">Grad<\/label>        <div class=\"elementor-field elementor-select-wrapper\">\n            <select name=\"e_meta[city]\" id=\"form-field-fdc3b01\" class=\"elementor-field-textual form-control elementor-size-sm\">\n                <option value=\"\">Izaberite<\/option><option data-ref=\"bar-bs-2\" data-belong=\"\" value=\"bar-bs-2\"> Bar<\/option><option data-ref=\"budva-bs-2\" data-belong=\"\" value=\"budva-bs-2\"> Budva<\/option><option data-ref=\"cetinje-bs\" data-belong=\"\" value=\"cetinje-bs\"> Cetinje<\/option><option data-ref=\"danilovgrad-bs\" data-belong=\"\" value=\"danilovgrad-bs\"> Danilovgrad<\/option><option data-ref=\"herceg-novi-bs\" data-belong=\"\" value=\"herceg-novi-bs\"> Herceg Novi<\/option><option data-ref=\"kolasin-bs\" data-belong=\"\" value=\"kolasin-bs\"> Kolasin<\/option><option data-ref=\"kotor-bs-2\" data-belong=\"\" value=\"kotor-bs-2\"> Kotor<\/option><option data-ref=\"niksic\" data-belong=\"\" value=\"niksic\"> Nik\u0161i\u0107<\/option><option data-ref=\"podgorica-bs\" data-belong=\"\" value=\"podgorica-bs\"> Podgorica<\/option><option data-ref=\"tivat-bs-2\" data-belong=\"\" value=\"tivat-bs-2\"> Tivat<\/option><option data-ref=\"zabljak-bs\" data-belong=\"\" value=\"zabljak-bs\"> Zabljak<\/option>            <\/select>\n        <\/div>\n                            <\/div>\n\n                                        <div class=\"elementor-field-group elementor-column form-group elementor-field-group-b11e5ca elementor-col-100 elementor-field-required elementor-mark-required\">\n                    <label for=\"form-field-b11e5ca\" class=\"form-label elementor-field-label\">Poruka<\/label><textarea class=\"elementor-field-textual elementor-field elementor-size-sm\" name=\"message\" id=\"form-field-b11e5ca\" rows=\"4\" placeholder=\"Va\u0161a poruka\" required=\"required\" title=\"* Poruka\"><\/textarea>                    <\/div>\n\n                    \n                    \n                    \n                    \n                                        <div class=\"elementor-field-group \">\n                        <div class=\"form-group captcha_wrapper houzez-grecaptcha-v2\">\n    <div class=\"houzez_google_reCaptcha\"><\/div>\n<\/div>\n                    <\/div>\n                    \n                    <div class=\"elementor-field-group elementor-column elementor-field-type-submit elementor-col-100\">\n                    <button type=\"submit\" class=\"houzez-submit-button houzez-contact-form-js elementor-button elementor-size-sm\">\n                        <i class=\"houzez-loader-js houzez-hidden spinner-border spinner-border-sm\"><\/i>\n                                                    Po\u0161alji                                            <\/button>\n                <\/div>\n            <\/div><!-- End wrapper-->\n            <br\/>\n            <div class=\"ele-form-messages\"><\/div>\n            <div class=\"error-container\"><\/div>\n\n        <\/form>\n\n    \t\t\t\t<\/div>\n\t\t\t\t<\/div>\n\t\t\t\t\t<\/div>\n\t\t<\/div>\n\t\t\t\t<div class=\"elementor-column elementor-col-50 elementor-top-column elementor-element elementor-element-f6e98dc\" data-id=\"f6e98dc\" data-element_type=\"column\">\n\t\t\t<div class=\"elementor-widget-wrap\">\n\t\t\t\t\t\t\t<\/div>\n\t\t<\/div>\n\t\t\t\t\t<\/div>\n\t\t<\/section>\n\t\t\t\t<section class=\"elementor-section elementor-top-section elementor-element elementor-element-425899e elementor-section-boxed elementor-section-height-default elementor-section-height-default\" data-id=\"425899e\" data-element_type=\"section\">\n\t\t\t\t\t\t<div class=\"elementor-container elementor-column-gap-default\">\n\t\t\t\t\t<div class=\"elementor-column elementor-col-100 elementor-top-column elementor-element elementor-element-b7c4516\" data-id=\"b7c4516\" data-element_type=\"column\">\n\t\t\t<div class=\"elementor-widget-wrap elementor-element-populated\">\n\t\t\t\t\t\t<div class=\"elementor-element elementor-element-936526c elementor-widget elementor-widget-heading\" data-id=\"936526c\" data-element_type=\"widget\" data-widget_type=\"heading.default\">\n\t\t\t\t<div class=\"elementor-widget-container\">\n\t\t\t\t\t<h2 class=\"elementor-heading-title elementor-size-default\">Kontak Informacije<\/h2>\t\t\t\t<\/div>\n\t\t\t\t<\/div>\n\t\t\t\t<section class=\"elementor-section elementor-inner-section elementor-element elementor-element-cd4e01d elementor-section-boxed elementor-section-height-default elementor-section-height-default\" data-id=\"cd4e01d\" data-element_type=\"section\">\n\t\t\t\t\t\t<div class=\"elementor-container elementor-column-gap-default\">\n\t\t\t\t\t<div class=\"elementor-column elementor-col-33 elementor-inner-column elementor-element elementor-element-11b2769\" data-id=\"11b2769\" data-element_type=\"column\" data-settings=\"{&quot;background_background&quot;:&quot;classic&quot;}\">\n\t\t\t<div class=\"elementor-widget-wrap elementor-element-populated\">\n\t\t\t\t\t\t<div class=\"elementor-element elementor-element-abbd00e elementor-widget elementor-widget-heading\" data-id=\"abbd00e\" data-element_type=\"widget\" data-widget_type=\"heading.default\">\n\t\t\t\t<div class=\"elementor-widget-container\">\n\t\t\t\t\t<h2 class=\"elementor-heading-title elementor-size-default\">Adria Stone Real Estate<\/h2>\t\t\t\t<\/div>\n\t\t\t\t<\/div>\n\t\t\t\t<div class=\"elementor-element elementor-element-3c257b0 elementor-widget elementor-widget-heading\" data-id=\"3c257b0\" data-element_type=\"widget\" data-widget_type=\"heading.default\">\n\t\t\t\t<div class=\"elementor-widget-container\">\n\t\t\t\t\t<h2 class=\"elementor-heading-title elementor-size-default\">Crna Gora, Budva, ul. Filipa Kova\u010devi\u0107a 43, kancelarija Adria Stone<\/h2>\t\t\t\t<\/div>\n\t\t\t\t<\/div>\n\t\t\t\t<div class=\"elementor-element elementor-element-cb0d5eb elementor-widget elementor-widget-text-editor\" data-id=\"cb0d5eb\" data-element_type=\"widget\" data-widget_type=\"text-editor.default\">\n\t\t\t\t<div class=\"elementor-widget-container\">\n\t\t\t\t\t\t\t\t\t<p>Tel. <a href=\"tel:+38267011111\">+382 67 011 111<\/a><br \/>Skype: <a href=\"skype:adriastone-montenegro?call\">adriastone-montenegro<\/a><br \/>Email: <a href=\"mailto:info@adriastone.com\">info@adriastone.com<\/a><\/p>\t\t\t\t\t\t\t\t<\/div>\n\t\t\t\t<\/div>\n\t\t\t\t\t<\/div>\n\t\t<\/div>\n\t\t\t\t<div class=\"elementor-column elementor-col-33 elementor-inner-column elementor-element elementor-element-030e4fe\" data-id=\"030e4fe\" data-element_type=\"column\" data-settings=\"{&quot;background_background&quot;:&quot;classic&quot;}\">\n\t\t\t<div class=\"elementor-widget-wrap elementor-element-populated\">\n\t\t\t\t\t\t<div class=\"elementor-element elementor-element-2ce957c elementor-widget elementor-widget-heading\" data-id=\"2ce957c\" data-element_type=\"widget\" data-widget_type=\"heading.default\">\n\t\t\t\t<div class=\"elementor-widget-container\">\n\t\t\t\t\t<h2 class=\"elementor-heading-title elementor-size-default\">Mirko Vujovi\u0107<\/h2>\t\t\t\t<\/div>\n\t\t\t\t<\/div>\n\t\t\t\t<div class=\"elementor-element elementor-element-2a59a00 elementor-widget elementor-widget-heading\" data-id=\"2a59a00\" data-element_type=\"widget\" data-widget_type=\"heading.default\">\n\t\t\t\t<div class=\"elementor-widget-container\">\n\t\t\t\t\t<h2 class=\"elementor-heading-title elementor-size-default\">Izvr\u0161ni direktor u Adria Stone<\/h2>\t\t\t\t<\/div>\n\t\t\t\t<\/div>\n\t\t\t\t<div class=\"elementor-element elementor-element-e34b69c elementor-widget elementor-widget-text-editor\" data-id=\"e34b69c\" data-element_type=\"widget\" data-widget_type=\"text-editor.default\">\n\t\t\t\t<div class=\"elementor-widget-container\">\n\t\t\t\t\t\t\t\t\t<p>Tel. <a href=\"tel:+38267011111\">+382 67 011 111<\/a><br \/>Jezici: Crnogorski, Ruski, Engleski<br \/>Email: <a href=\"mailto:mirko@adriastone.com\">mirko@adriastone.com<\/a><\/p>\t\t\t\t\t\t\t\t<\/div>\n\t\t\t\t<\/div>\n\t\t\t\t\t<\/div>\n\t\t<\/div>\n\t\t\t\t<div class=\"elementor-column elementor-col-33 elementor-inner-column elementor-element elementor-element-881f6e8\" data-id=\"881f6e8\" data-element_type=\"column\" data-settings=\"{&quot;background_background&quot;:&quot;classic&quot;}\">\n\t\t\t<div class=\"elementor-widget-wrap elementor-element-populated\">\n\t\t\t\t\t\t<div class=\"elementor-element elementor-element-899fb1c elementor-widget elementor-widget-heading\" data-id=\"899fb1c\" data-element_type=\"widget\" data-widget_type=\"heading.default\">\n\t\t\t\t<div class=\"elementor-widget-container\">\n\t\t\t\t\t<h2 class=\"elementor-heading-title elementor-size-default\">Iva Vujovi\u0107<\/h2>\t\t\t\t<\/div>\n\t\t\t\t<\/div>\n\t\t\t\t<div class=\"elementor-element elementor-element-0434400 elementor-widget elementor-widget-heading\" data-id=\"0434400\" data-element_type=\"widget\" data-widget_type=\"heading.default\">\n\t\t\t\t<div class=\"elementor-widget-container\">\n\t\t\t\t\t<h2 class=\"elementor-heading-title elementor-size-default\">Agent prodaje u Adria Stone\n<\/h2>\t\t\t\t<\/div>\n\t\t\t\t<\/div>\n\t\t\t\t<div class=\"elementor-element elementor-element-1059a53 elementor-widget elementor-widget-text-editor\" data-id=\"1059a53\" data-element_type=\"widget\" data-widget_type=\"text-editor.default\">\n\t\t\t\t<div class=\"elementor-widget-container\">\n\t\t\t\t\t\t\t\t\t<p>Tel. <a href=\"tel:+38267249100\">+382 67 249 100<\/a><br \/>Jezici: \u0160panski, Francuski, Engleski<br \/>Email: <a href=\"mailto:iva@adriastone.com\">iva@adriastone.com<\/a><\/p>\t\t\t\t\t\t\t\t<\/div>\n\t\t\t\t<\/div>\n\t\t\t\t\t<\/div>\n\t\t<\/div>\n\t\t\t\t\t<\/div>\n\t\t<\/section>\n\t\t\t\t\t<\/div>\n\t\t<\/div>\n\t\t\t\t\t<\/div>\n\t\t<\/section>\n\t\t\t\t<section class=\"elementor-section elementor-top-section elementor-element elementor-element-0d0424a elementor-section-boxed elementor-section-height-default elementor-section-height-default\" data-id=\"0d0424a\" data-element_type=\"section\">\n\t\t\t\t\t\t<div class=\"elementor-container elementor-column-gap-default\">\n\t\t\t\t\t<div class=\"elementor-column elementor-col-100 elementor-top-column elementor-element elementor-element-c5da2f0\" data-id=\"c5da2f0\" data-element_type=\"column\">\n\t\t\t<div class=\"elementor-widget-wrap elementor-element-populated\">\n\t\t\t\t\t\t<div class=\"elementor-element elementor-element-2cadd3c elementor-widget elementor-widget-heading\" data-id=\"2cadd3c\" data-element_type=\"widget\" data-widget_type=\"heading.default\">\n\t\t\t\t<div class=\"elementor-widget-container\">\n\t\t\t\t\t<h2 class=\"elementor-heading-title elementor-size-default\">Lokacija<\/h2>\t\t\t\t<\/div>\n\t\t\t\t<\/div>\n\t\t\t\t<div class=\"elementor-element elementor-element-0830efc elementor-widget elementor-widget-google_maps\" data-id=\"0830efc\" data-element_type=\"widget\" data-widget_type=\"google_maps.default\">\n\t\t\t\t<div class=\"elementor-widget-container\">\n\t\t\t\t\t\t\t<div class=\"elementor-custom-embed\">\n\t\t\t<iframe loading=\"lazy\"\n\t\t\t\t\tsrc=\"https:\/\/maps.google.com\/maps?q=Filipa%20Kova%C4%8Devi%C4%87a%2043&#038;t=m&#038;z=15&#038;output=embed&#038;iwloc=near\"\n\t\t\t\t\ttitle=\"Filipa Kova\u010devi\u0107a 43\"\n\t\t\t\t\taria-label=\"Filipa Kova\u010devi\u0107a 43\"\n\t\t\t><\/iframe>\n\t\t<\/div>\n\t\t\t\t\t\t<\/div>\n\t\t\t\t<\/div>\n\t\t\t\t\t<\/div>\n\t\t<\/div>\n\t\t\t\t\t<\/div>\n\t\t<\/section>\n\t\t\t\t<\/div>\n\t\t","protected":false},"excerpt":{"rendered":"<p>Kontakt forma Ime Prezime Email Broj telefona Tip nekretnine Izaberite Hotel Investicioni projekti Kompleksi sa bazenom Ku\u0107a Penthouse Poslovni prostor Stan Villa Zemlja Min. povr\u0161ina zemlji\u0161ta Maksimalna cijena Grad Izaberite Bar Budva Cetinje Danilovgrad Herceg Novi Kotor Nik\u0161i\u0107 Podgorica Tivat Zabljak Poruka Po\u0161alji Kontak Informacije Adria Stone Real Estate Crna Gora, Budva, ul. Filipa Kova\u010devi\u0107a [&hellip;]<\/p>\n","protected":false},"author":1,"featured_media":0,"parent":0,"menu_order":0,"comment_status":"closed","ping_status":"closed","template":"elementor_header_footer","meta":{"_monsterinsights_skip_tracking":false,"_monsterinsights_sitenote_active":false,"_monsterinsights_sitenote_note":"","_monsterinsights_sitenote_category":0,"footnotes":""},"class_list":["post-3403","page","type-page","status-publish","hentry"],"yoast_head":"<!-- This site is optimized with the Yoast SEO plugin v25.6 - https:\/\/yoast.com\/wordpress\/plugins\/seo\/ -->\n<title>Kontakt - Adria Stone<\/title>\n<meta name=\"robots\" content=\"index, follow, max-snippet:-1, max-image-preview:large, max-video-preview:-1\" \/>\n<link rel=\"canonical\" href=\"https:\/\/adriastone.com\/bs\/kontakt\/\" \/>\n<meta property=\"og:locale\" content=\"bs_BA\" \/>\n<meta property=\"og:type\" content=\"article\" \/>\n<meta property=\"og:title\" content=\"Kontakt - Adria Stone\" \/>\n<meta property=\"og:description\" content=\"Kontakt forma Ime Prezime Email Broj telefona Tip nekretnine Izaberite Hotel Investicioni projekti Kompleksi sa bazenom Ku\u0107a Penthouse Poslovni prostor Stan Villa Zemlja Min. povr\u0161ina zemlji\u0161ta Maksimalna cijena Grad Izaberite Bar Budva Cetinje Danilovgrad Herceg Novi Kotor Nik\u0161i\u0107 Podgorica Tivat Zabljak Poruka Po\u0161alji Kontak Informacije Adria Stone Real Estate Crna Gora, Budva, ul. Filipa Kova\u010devi\u0107a [&hellip;]\" \/>\n<meta property=\"og:url\" content=\"https:\/\/adriastone.com\/bs\/kontakt\/\" \/>\n<meta property=\"og:site_name\" content=\"Adria Stone\" \/>\n<meta property=\"article:publisher\" content=\"https:\/\/www.facebook.com\/AdriaStoneBudva\/\" \/>\n<meta property=\"article:modified_time\" content=\"2023-02-02T22:08:34+00:00\" \/>\n<meta name=\"twitter:card\" content=\"summary_large_image\" \/>\n<meta name=\"twitter:site\" content=\"@AdriaStoneMNE\" \/>\n<meta name=\"twitter:label1\" content=\"Est. reading time\" \/>\n\t<meta name=\"twitter:data1\" content=\"1 minuta\" \/>\n<script type=\"application\/ld+json\" class=\"yoast-schema-graph\">{\"@context\":\"https:\/\/schema.org\",\"@graph\":[{\"@type\":\"WebPage\",\"@id\":\"https:\/\/adriastone.com\/bs\/kontakt\/\",\"url\":\"https:\/\/adriastone.com\/bs\/kontakt\/\",\"name\":\"Kontakt - Adria Stone\",\"isPartOf\":{\"@id\":\"https:\/\/adriastone.com\/ru\/#website\"},\"datePublished\":\"2016-03-16T19:50:28+00:00\",\"dateModified\":\"2023-02-02T22:08:34+00:00\",\"breadcrumb\":{\"@id\":\"https:\/\/adriastone.com\/bs\/kontakt\/#breadcrumb\"},\"inLanguage\":\"bs-BA\",\"potentialAction\":[{\"@type\":\"ReadAction\",\"target\":[\"https:\/\/adriastone.com\/bs\/kontakt\/\"]}]},{\"@type\":\"BreadcrumbList\",\"@id\":\"https:\/\/adriastone.com\/bs\/kontakt\/#breadcrumb\",\"itemListElement\":[{\"@type\":\"ListItem\",\"position\":1,\"name\":\"Home\",\"item\":\"https:\/\/adriastone.com\/\"},{\"@type\":\"ListItem\",\"position\":2,\"name\":\"Kontakt\"}]},{\"@type\":\"WebSite\",\"@id\":\"https:\/\/adriastone.com\/ru\/#website\",\"url\":\"https:\/\/adriastone.com\/ru\/\",\"name\":\"Adria Stone\",\"description\":\"Nekretnine\",\"publisher\":{\"@id\":\"https:\/\/adriastone.com\/ru\/#organization\"},\"potentialAction\":[{\"@type\":\"SearchAction\",\"target\":{\"@type\":\"EntryPoint\",\"urlTemplate\":\"https:\/\/adriastone.com\/ru\/?s={search_term_string}\"},\"query-input\":{\"@type\":\"PropertyValueSpecification\",\"valueRequired\":true,\"valueName\":\"search_term_string\"}}],\"inLanguage\":\"bs-BA\"},{\"@type\":\"Organization\",\"@id\":\"https:\/\/adriastone.com\/ru\/#organization\",\"name\":\"Adria Stone\",\"url\":\"https:\/\/adriastone.com\/ru\/\",\"logo\":{\"@type\":\"ImageObject\",\"inLanguage\":\"bs-BA\",\"@id\":\"https:\/\/adriastone.com\/ru\/#\/schema\/logo\/image\/\",\"url\":\"https:\/\/adriastone.com\/wp-content\/uploads\/2019\/11\/Logo_Adria_Stone_blue.png\",\"contentUrl\":\"https:\/\/adriastone.com\/wp-content\/uploads\/2019\/11\/Logo_Adria_Stone_blue.png\",\"width\":1436,\"height\":1362,\"caption\":\"Adria Stone\"},\"image\":{\"@id\":\"https:\/\/adriastone.com\/ru\/#\/schema\/logo\/image\/\"},\"sameAs\":[\"https:\/\/www.facebook.com\/AdriaStoneBudva\/\",\"https:\/\/x.com\/AdriaStoneMNE\",\"https:\/\/www.instagram.com\/adriastone_property\/\",\"https:\/\/me.linkedin.com\/company\/adria-stone-montenegro\"]}]}<\/script>\n<!-- \/ Yoast SEO plugin. -->","yoast_head_json":{"title":"Kontakt - Adria Stone","robots":{"index":"index","follow":"follow","max-snippet":"max-snippet:-1","max-image-preview":"max-image-preview:large","max-video-preview":"max-video-preview:-1"},"canonical":"https:\/\/adriastone.com\/bs\/kontakt\/","og_locale":"bs_BA","og_type":"article","og_title":"Kontakt - Adria Stone","og_description":"Kontakt forma Ime Prezime Email Broj telefona Tip nekretnine Izaberite Hotel Investicioni projekti Kompleksi sa bazenom Ku\u0107a Penthouse Poslovni prostor Stan Villa Zemlja Min. povr\u0161ina zemlji\u0161ta Maksimalna cijena Grad Izaberite Bar Budva Cetinje Danilovgrad Herceg Novi Kotor Nik\u0161i\u0107 Podgorica Tivat Zabljak Poruka Po\u0161alji Kontak Informacije Adria Stone Real Estate Crna Gora, Budva, ul. Filipa Kova\u010devi\u0107a [&hellip;]","og_url":"https:\/\/adriastone.com\/bs\/kontakt\/","og_site_name":"Adria Stone","article_publisher":"https:\/\/www.facebook.com\/AdriaStoneBudva\/","article_modified_time":"2023-02-02T22:08:34+00:00","twitter_card":"summary_large_image","twitter_site":"@AdriaStoneMNE","twitter_misc":{"Est. reading time":"1 minuta"},"schema":{"@context":"https:\/\/schema.org","@graph":[{"@type":"WebPage","@id":"https:\/\/adriastone.com\/bs\/kontakt\/","url":"https:\/\/adriastone.com\/bs\/kontakt\/","name":"Kontakt - Adria Stone","isPartOf":{"@id":"https:\/\/adriastone.com\/ru\/#website"},"datePublished":"2016-03-16T19:50:28+00:00","dateModified":"2023-02-02T22:08:34+00:00","breadcrumb":{"@id":"https:\/\/adriastone.com\/bs\/kontakt\/#breadcrumb"},"inLanguage":"bs-BA","potentialAction":[{"@type":"ReadAction","target":["https:\/\/adriastone.com\/bs\/kontakt\/"]}]},{"@type":"BreadcrumbList","@id":"https:\/\/adriastone.com\/bs\/kontakt\/#breadcrumb","itemListElement":[{"@type":"ListItem","position":1,"name":"Home","item":"https:\/\/adriastone.com\/"},{"@type":"ListItem","position":2,"name":"Kontakt"}]},{"@type":"WebSite","@id":"https:\/\/adriastone.com\/ru\/#website","url":"https:\/\/adriastone.com\/ru\/","name":"Adria Stone","description":"Nekretnine","publisher":{"@id":"https:\/\/adriastone.com\/ru\/#organization"},"potentialAction":[{"@type":"SearchAction","target":{"@type":"EntryPoint","urlTemplate":"https:\/\/adriastone.com\/ru\/?s={search_term_string}"},"query-input":{"@type":"PropertyValueSpecification","valueRequired":true,"valueName":"search_term_string"}}],"inLanguage":"bs-BA"},{"@type":"Organization","@id":"https:\/\/adriastone.com\/ru\/#organization","name":"Adria Stone","url":"https:\/\/adriastone.com\/ru\/","logo":{"@type":"ImageObject","inLanguage":"bs-BA","@id":"https:\/\/adriastone.com\/ru\/#\/schema\/logo\/image\/","url":"https:\/\/adriastone.com\/wp-content\/uploads\/2019\/11\/Logo_Adria_Stone_blue.png","contentUrl":"https:\/\/adriastone.com\/wp-content\/uploads\/2019\/11\/Logo_Adria_Stone_blue.png","width":1436,"height":1362,"caption":"Adria Stone"},"image":{"@id":"https:\/\/adriastone.com\/ru\/#\/schema\/logo\/image\/"},"sameAs":["https:\/\/www.facebook.com\/AdriaStoneBudva\/","https:\/\/x.com\/AdriaStoneMNE","https:\/\/www.instagram.com\/adriastone_property\/","https:\/\/me.linkedin.com\/company\/adria-stone-montenegro"]}]}},"_links":{"self":[{"href":"https:\/\/adriastone.com\/bs\/wp-json\/wp\/v2\/pages\/3403","targetHints":{"allow":["GET"]}}],"collection":[{"href":"https:\/\/adriastone.com\/bs\/wp-json\/wp\/v2\/pages"}],"about":[{"href":"https:\/\/adriastone.com\/bs\/wp-json\/wp\/v2\/types\/page"}],"author":[{"embeddable":true,"href":"https:\/\/adriastone.com\/bs\/wp-json\/wp\/v2\/users\/1"}],"replies":[{"embeddable":true,"href":"https:\/\/adriastone.com\/bs\/wp-json\/wp\/v2\/comments?post=3403"}],"version-history":[{"count":0,"href":"https:\/\/adriastone.com\/bs\/wp-json\/wp\/v2\/pages\/3403\/revisions"}],"wp:attachment":[{"href":"https:\/\/adriastone.com\/bs\/wp-json\/wp\/v2\/media?parent=3403"}],"curies":[{"name":"wp","href":"https:\/\/api.w.org\/{rel}","templated":true}]}}